{"id":2456,"date":"2024-03-28T08:40:10","date_gmt":"2024-03-28T07:40:10","guid":{"rendered":"https:\/\/staging.vwbugshow.be\/?page_id=2456"},"modified":"2024-03-31T09:32:26","modified_gmt":"2024-03-31T07:32:26","slug":"faq","status":"publish","type":"page","link":"https:\/\/staging.vwbugshow.be\/nl\/faq\/","title":{"rendered":"FAQ"},"content":{"rendered":"<div id=\"fws_69e4e8044563c\"  data-column-margin=\"default\" data-midnight=\"dark\" data-top-percent=\"12%\" data-bottom-percent=\"12%\"  class=\"wpb_row vc_row-fluid vc_row full-width-content vc_row-o-equal-height vc_row-flex vc_row-o-content-middle parallax_section zindex-set right_padding_25pct left_padding_25pct right_padding_tablet_20pct right_padding_phone_24px left_padding_tablet_20pct left_padding_phone_24px\"  style=\"padding-top: calc(100vw * 0.12); padding-bottom: calc(100vw * 0.12);  z-index: 10;\"><div class=\"row-bg-wrap\" data-bg-animation=\"none\" data-bg-animation-delay=\"\" data-bg-overlay=\"false\"><div class=\"inner-wrap row-bg-layer\" ><div class=\"row-bg viewport-desktop using-bg-color\" data-parallax-speed=\"fast\" style=\"background-color: #ffffff; \"><\/div><\/div><\/div><div class=\"row_col_wrap_12 col span_12 dark left\">\n\t<div  class=\"vc_col-sm-12 wpb_column column_container vc_column_container col no-extra-padding inherit_tablet inherit_phone\"  data-padding-pos=\"right\" data-has-bg-color=\"false\" data-bg-color=\"\" data-bg-opacity=\"1\" data-animation=\"\" data-delay=\"0\" >\n\t\t<div class=\"vc_column-inner\" >\n\t\t\t<div class=\"wpb_wrapper\">\n\t\t\t\t<div id=\"fws_69e4e80445f62\" data-midnight=\"\" data-column-margin=\"default\" class=\"wpb_row vc_row-fluid vc_row inner_row\"  style=\"padding-bottom: 3%; \"><div class=\"row-bg-wrap\"> <div class=\"row-bg\" ><\/div> <\/div><div class=\"row_col_wrap_12_inner col span_12  left\">\n\t<div  class=\"vc_col-sm-12 wpb_column column_container vc_column_container col child_column centered-text no-extra-padding inherit_tablet inherit_phone\"   data-padding-pos=\"all\" data-has-bg-color=\"false\" data-bg-color=\"\" data-bg-opacity=\"1\" data-animation=\"\" data-delay=\"0\" >\n\t\t<div class=\"vc_column-inner\" >\n\t\t<div class=\"wpb_wrapper\">\n\t\t\t<div class=\"nectar-responsive-text font_size_desktop_3vw font_size_tablet_5vw font_size_phone_8vw font_line_height_1-1 nectar-link-underline-effect\"><h3>Frequently asked questions<\/h3>\n<\/div>\n\t\t<\/div> \n\t<\/div>\n\t<\/div> \n<\/div><\/div><div class=\"toggles accordion toggles--minimal-shadow\" data-br=\"20px\" data-starting=\"closed\" data-style=\"minimal\"><div class=\"toggle default\" data-inner-wrap=\"true\"><h3 class=\"toggle-title\"><a href=\"#\" role=\"button\" class=\"nectar-inherit-h3 toggle-heading\"><i role=\"presentation\" class=\"fa fa-plus-circle\"><\/i>Is er een speciale check-in voor pre-sales?<\/a><\/h3><div><div class=\"inner-toggle-wrap\"><div class=\"nectar-responsive-text font_size_min_14px font_size_max_20px font_size_desktop_1-1vw font_line_height_1-6 nectar-link-underline-effect\"><p>Dit jaar doen we er alles aan om het inchecken te verbeteren en de voorverkoop voorrang te geven.<br \/>\nComme par exemple l&rsquo;ouverture de l&rsquo;accueil d\u00e8s le jeudi 8h du matin.<\/p>\n<p>D&rsquo;autres mesures seront mise en place.Une communication sera disponible prochainement<\/p>\n<\/div><\/div><\/div><\/div><div class=\"toggle default\" data-inner-wrap=\"true\"><h3 class=\"toggle-title\"><a href=\"#\" role=\"button\" class=\"nectar-inherit-h3 toggle-heading\"><i role=\"presentation\" class=\"fa fa-plus-circle\"><\/i>Is het gratis voor kinderen?<\/a><\/h3><div><div class=\"inner-toggle-wrap\"><div class=\"nectar-responsive-text font_size_min_14px font_size_max_20px font_size_desktop_1-1vw font_line_height_1-6 nectar-link-underline-effect\"><p>L&rsquo;entr\u00e9e est gratuite pour les enfants de moins de 12 ans<\/p>\n<\/div><\/div><\/div><\/div><div class=\"toggle default\" data-inner-wrap=\"true\"><h3 class=\"toggle-title\"><a href=\"#\" role=\"button\" class=\"nectar-inherit-h3 toggle-heading\"><i role=\"presentation\" class=\"fa fa-plus-circle\"><\/i>Zijn huisdieren toegestaan?<\/a><\/h3><div><div class=\"inner-toggle-wrap\"><div class=\"nectar-responsive-text font_size_min_14px font_size_max_20px font_size_desktop_1-1vw font_line_height_1-6 nectar-link-underline-effect\"><p>Les animaux de compagnies sont autoris\u00e9s \u00e0 condition de les tenir en laisse et de respecter les mesures d&rsquo;hygi\u00e8ne<\/p>\n<\/div><\/div><\/div><\/div><div class=\"toggle default\" data-inner-wrap=\"true\"><h3 class=\"toggle-title\"><a href=\"#\" role=\"button\" class=\"nectar-inherit-h3 toggle-heading\"><i role=\"presentation\" class=\"fa fa-plus-circle\"><\/i>Waar kan ik kamperen?<\/a><\/h3><div><div class=\"inner-toggle-wrap\"><div class=\"nectar-responsive-text font_size_min_14px font_size_max_20px font_size_desktop_1-1vw font_line_height_1-6 nectar-link-underline-effect\"><p>Campings zijn beschikbaar in de buurt van de circuits. Kamperen op parkeerplaatsen en op straat is verboden.<\/p>\n<\/div><\/div><\/div><\/div><div class=\"toggle default\" data-inner-wrap=\"true\"><h3 class=\"toggle-title\"><a href=\"#\" role=\"button\" class=\"nectar-inherit-h3 toggle-heading\"><i role=\"presentation\" class=\"fa fa-plus-circle\"><\/i>Zijn er activiteiten voor kinderen gepland?<\/a><\/h3><div><div class=\"inner-toggle-wrap\"><div class=\"nectar-responsive-text font_size_min_14px font_size_max_20px font_size_desktop_1-1vw font_line_height_1-6 nectar-link-underline-effect\"><p>Voor kinderen zijn er vermaakruimtes beschikbaar.<br \/>\nPlus d&rsquo;infos:\u00a0<a href=\"\/nl\/activites\/?tab=pour-les-enfants\">Voor kinderen<\/a><\/p>\n<\/div><\/div><\/div><\/div><div class=\"toggle default\" data-inner-wrap=\"true\"><h3 class=\"toggle-title\"><a href=\"#\" role=\"button\" class=\"nectar-inherit-h3 toggle-heading\"><i role=\"presentation\" class=\"fa fa-plus-circle\"><\/i>Is contante betaling toegestaan?<\/a><\/h3><div><div class=\"inner-toggle-wrap\"><div class=\"nectar-responsive-text font_size_min_14px font_size_max_20px font_size_desktop_1-1vw font_line_height_1-6 nectar-link-underline-effect\"><p>Betaling per bankkaart heeft de voorkeur boven contante betaling.<\/p>\n<\/div><\/div><\/div><\/div><div class=\"toggle default\" data-inner-wrap=\"true\"><h3 class=\"toggle-title\"><a href=\"#\" role=\"button\" class=\"nectar-inherit-h3 toggle-heading\"><i role=\"presentation\" class=\"fa fa-plus-circle\"><\/i>Mag ik een vuurtje maken of barbecue\u00ebn?<\/a><\/h3><div><div class=\"inner-toggle-wrap\"><div class=\"nectar-responsive-text font_size_min_14px font_size_max_20px font_size_desktop_1-1vw font_line_height_1-6 nectar-link-underline-effect\"><p>Kampvuur is ten strengste verboden. Enkel barbecues op voet zijn toegelaten. De deelnemers zijn verantwoordelijk voor eventuele aangebrachte schade.<\/p>\n<\/div><\/div><\/div><\/div><\/div>\n\n\n\n\n\n\n\n\n\n\n\n\n\n\n\n\n\n\n\n\n\t\t\t<\/div> \n\t\t<\/div>\n\t<\/div> \n<\/div><\/div>","protected":false},"excerpt":{"rendered":"Frequently asked questions Existe-t'il un check-in d\u00e9di\u00e9 aux pr\u00e9ventes?Cette ann\u00e9e, nous mettons tout en oeuvre pour am\u00e9liorer le check-in et donner la priorit\u00e9 aux pr\u00e9ventes. Comme par exemple l'ouverture de...","protected":false},"author":2,"featured_media":0,"parent":0,"menu_order":0,"comment_status":"closed","ping_status":"closed","template":"","meta":{"footnotes":""},"folder":[],"class_list":["post-2456","page","type-page","status-publish"],"yoast_head":"<!-- This site is optimized with the Yoast SEO plugin v27.3 - https:\/\/yoast.com\/product\/yoast-seo-wordpress\/ -->\n<title>FAQ - LeBugShow<\/title>\n<meta name=\"robots\" content=\"index, follow, max-snippet:-1, max-image-preview:large, max-video-preview:-1\" \/>\n<link rel=\"canonical\" href=\"https:\/\/staging.vwbugshow.be\/nl\/faq\/\" \/>\n<meta property=\"og:locale\" content=\"nl_BE\" \/>\n<meta property=\"og:type\" content=\"article\" \/>\n<meta property=\"og:title\" content=\"FAQ - LeBugShow\" \/>\n<meta property=\"og:url\" content=\"https:\/\/staging.vwbugshow.be\/nl\/faq\/\" \/>\n<meta property=\"og:site_name\" content=\"LeBugShow\" \/>\n<meta property=\"article:publisher\" content=\"https:\/\/www.facebook.com\/Lebugshow\" \/>\n<meta property=\"article:modified_time\" content=\"2024-03-31T07:32:26+00:00\" \/>\n<meta name=\"twitter:card\" content=\"summary_large_image\" \/>\n<meta name=\"twitter:label1\" content=\"Geschatte leestijd\" \/>\n\t<meta name=\"twitter:data1\" content=\"4 minuten\" \/>\n<script type=\"application\/ld+json\" class=\"yoast-schema-graph\">{\"@context\":\"https:\\\/\\\/schema.org\",\"@graph\":[{\"@type\":\"WebPage\",\"@id\":\"https:\\\/\\\/staging.vwbugshow.be\\\/faq\\\/\",\"url\":\"https:\\\/\\\/staging.vwbugshow.be\\\/faq\\\/\",\"name\":\"FAQ - LeBugShow\",\"isPartOf\":{\"@id\":\"https:\\\/\\\/staging.vwbugshow.be\\\/#website\"},\"datePublished\":\"2024-03-28T07:40:10+00:00\",\"dateModified\":\"2024-03-31T07:32:26+00:00\",\"breadcrumb\":{\"@id\":\"https:\\\/\\\/staging.vwbugshow.be\\\/faq\\\/#breadcrumb\"},\"inLanguage\":\"nl-BE\",\"potentialAction\":[{\"@type\":\"ReadAction\",\"target\":[\"https:\\\/\\\/staging.vwbugshow.be\\\/faq\\\/\"]}]},{\"@type\":\"BreadcrumbList\",\"@id\":\"https:\\\/\\\/staging.vwbugshow.be\\\/faq\\\/#breadcrumb\",\"itemListElement\":[{\"@type\":\"ListItem\",\"position\":1,\"name\":\"Accueil\",\"item\":\"https:\\\/\\\/staging.vwbugshow.be\\\/\"},{\"@type\":\"ListItem\",\"position\":2,\"name\":\"FAQ\"}]},{\"@type\":\"WebSite\",\"@id\":\"https:\\\/\\\/staging.vwbugshow.be\\\/#website\",\"url\":\"https:\\\/\\\/staging.vwbugshow.be\\\/\",\"name\":\"LeBugShow\",\"description\":\"Your 2500 aircooled VW event since 1991\",\"publisher\":{\"@id\":\"https:\\\/\\\/staging.vwbugshow.be\\\/#organization\"},\"potentialAction\":[{\"@type\":\"SearchAction\",\"target\":{\"@type\":\"EntryPoint\",\"urlTemplate\":\"https:\\\/\\\/staging.vwbugshow.be\\\/?s={search_term_string}\"},\"query-input\":{\"@type\":\"PropertyValueSpecification\",\"valueRequired\":true,\"valueName\":\"search_term_string\"}}],\"inLanguage\":\"nl-BE\"},{\"@type\":\"Organization\",\"@id\":\"https:\\\/\\\/staging.vwbugshow.be\\\/#organization\",\"name\":\"BelgianBuggyAndVWClub\",\"url\":\"https:\\\/\\\/staging.vwbugshow.be\\\/\",\"logo\":{\"@type\":\"ImageObject\",\"inLanguage\":\"nl-BE\",\"@id\":\"https:\\\/\\\/staging.vwbugshow.be\\\/#\\\/schema\\\/logo\\\/image\\\/\",\"url\":\"https:\\\/\\\/staging.vwbugshow.be\\\/wp-content\\\/uploads\\\/2023\\\/12\\\/logo-belgian-buggy-horiz.png\",\"contentUrl\":\"https:\\\/\\\/staging.vwbugshow.be\\\/wp-content\\\/uploads\\\/2023\\\/12\\\/logo-belgian-buggy-horiz.png\",\"width\":366,\"height\":120,\"caption\":\"BelgianBuggyAndVWClub\"},\"image\":{\"@id\":\"https:\\\/\\\/staging.vwbugshow.be\\\/#\\\/schema\\\/logo\\\/image\\\/\"},\"sameAs\":[\"https:\\\/\\\/www.facebook.com\\\/Lebugshow\"]}]}<\/script>\n<!-- \/ Yoast SEO plugin. -->","yoast_head_json":{"title":"FAQ - LeBugShow","robots":{"index":"index","follow":"follow","max-snippet":"max-snippet:-1","max-image-preview":"max-image-preview:large","max-video-preview":"max-video-preview:-1"},"canonical":"https:\/\/staging.vwbugshow.be\/nl\/faq\/","og_locale":"nl_BE","og_type":"article","og_title":"FAQ - LeBugShow","og_url":"https:\/\/staging.vwbugshow.be\/nl\/faq\/","og_site_name":"LeBugShow","article_publisher":"https:\/\/www.facebook.com\/Lebugshow","article_modified_time":"2024-03-31T07:32:26+00:00","twitter_card":"summary_large_image","twitter_misc":{"Geschatte leestijd":"4 minuten"},"schema":{"@context":"https:\/\/schema.org","@graph":[{"@type":"WebPage","@id":"https:\/\/staging.vwbugshow.be\/faq\/","url":"https:\/\/staging.vwbugshow.be\/faq\/","name":"FAQ - LeBugShow","isPartOf":{"@id":"https:\/\/staging.vwbugshow.be\/#website"},"datePublished":"2024-03-28T07:40:10+00:00","dateModified":"2024-03-31T07:32:26+00:00","breadcrumb":{"@id":"https:\/\/staging.vwbugshow.be\/faq\/#breadcrumb"},"inLanguage":"nl-BE","potentialAction":[{"@type":"ReadAction","target":["https:\/\/staging.vwbugshow.be\/faq\/"]}]},{"@type":"BreadcrumbList","@id":"https:\/\/staging.vwbugshow.be\/faq\/#breadcrumb","itemListElement":[{"@type":"ListItem","position":1,"name":"Accueil","item":"https:\/\/staging.vwbugshow.be\/"},{"@type":"ListItem","position":2,"name":"FAQ"}]},{"@type":"WebSite","@id":"https:\/\/staging.vwbugshow.be\/#website","url":"https:\/\/staging.vwbugshow.be\/","name":"LeBugShow","description":"Your 2500 aircooled VW event since 1991","publisher":{"@id":"https:\/\/staging.vwbugshow.be\/#organization"},"potentialAction":[{"@type":"SearchAction","target":{"@type":"EntryPoint","urlTemplate":"https:\/\/staging.vwbugshow.be\/?s={search_term_string}"},"query-input":{"@type":"PropertyValueSpecification","valueRequired":true,"valueName":"search_term_string"}}],"inLanguage":"nl-BE"},{"@type":"Organization","@id":"https:\/\/staging.vwbugshow.be\/#organization","name":"BelgianBuggyAndVWClub","url":"https:\/\/staging.vwbugshow.be\/","logo":{"@type":"ImageObject","inLanguage":"nl-BE","@id":"https:\/\/staging.vwbugshow.be\/#\/schema\/logo\/image\/","url":"https:\/\/staging.vwbugshow.be\/wp-content\/uploads\/2023\/12\/logo-belgian-buggy-horiz.png","contentUrl":"https:\/\/staging.vwbugshow.be\/wp-content\/uploads\/2023\/12\/logo-belgian-buggy-horiz.png","width":366,"height":120,"caption":"BelgianBuggyAndVWClub"},"image":{"@id":"https:\/\/staging.vwbugshow.be\/#\/schema\/logo\/image\/"},"sameAs":["https:\/\/www.facebook.com\/Lebugshow"]}]}},"_links":{"self":[{"href":"https:\/\/staging.vwbugshow.be\/nl\/wp-json\/wp\/v2\/pages\/2456","targetHints":{"allow":["GET"]}}],"collection":[{"href":"https:\/\/staging.vwbugshow.be\/nl\/wp-json\/wp\/v2\/pages"}],"about":[{"href":"https:\/\/staging.vwbugshow.be\/nl\/wp-json\/wp\/v2\/types\/page"}],"author":[{"embeddable":true,"href":"https:\/\/staging.vwbugshow.be\/nl\/wp-json\/wp\/v2\/users\/2"}],"replies":[{"embeddable":true,"href":"https:\/\/staging.vwbugshow.be\/nl\/wp-json\/wp\/v2\/comments?post=2456"}],"version-history":[{"count":9,"href":"https:\/\/staging.vwbugshow.be\/nl\/wp-json\/wp\/v2\/pages\/2456\/revisions"}],"predecessor-version":[{"id":2481,"href":"https:\/\/staging.vwbugshow.be\/nl\/wp-json\/wp\/v2\/pages\/2456\/revisions\/2481"}],"wp:attachment":[{"href":"https:\/\/staging.vwbugshow.be\/nl\/wp-json\/wp\/v2\/media?parent=2456"}],"wp:term":[{"taxonomy":"folder","embeddable":true,"href":"https:\/\/staging.vwbugshow.be\/nl\/wp-json\/wp\/v2\/folder?post=2456"}],"curies":[{"name":"wp","href":"https:\/\/api.w.org\/{rel}","templated":true}]}}