{"id":1967,"date":"2024-01-04T23:20:43","date_gmt":"2024-01-04T22:20:43","guid":{"rendered":"https:\/\/staging.vwbugshow.be\/?page_id=1967"},"modified":"2025-08-03T22:30:42","modified_gmt":"2025-08-03T20:30:42","slug":"swap-meet-stand","status":"publish","type":"page","link":"https:\/\/staging.vwbugshow.be\/nl\/swap-meet-stand\/","title":{"rendered":"Swap meet \u2013 Exposantenstand"},"content":{"rendered":"<div id=\"fws_69e4e3034bd96\"  data-column-margin=\"default\" data-midnight=\"dark\" data-top-percent=\"6%\" data-bottom-percent=\"6%\"  class=\"wpb_row vc_row-fluid vc_row full-width-section\"  style=\"padding-top: calc(100vw * 0.06); padding-bottom: calc(100vw * 0.06); \"><div class=\"row-bg-wrap\" data-bg-animation=\"none\" data-bg-animation-delay=\"\" data-bg-overlay=\"false\"><div class=\"inner-wrap row-bg-layer\" ><div class=\"row-bg viewport-desktop\"  style=\"\"><\/div><\/div><\/div><div class=\"row_col_wrap_12 col span_12 dark left\">\n\t<div  class=\"vc_col-sm-12 wpb_column column_container vc_column_container col nectar-sticky-column no-extra-padding el_spacing_0px inherit_tablet inherit_phone\"  data-padding-pos=\"all\" data-has-bg-color=\"false\" data-bg-color=\"\" data-bg-opacity=\"1\" data-animation=\"\" data-delay=\"0\" >\n\t\t<div class=\"vc_column-inner\" >\n\t\t\t<div class=\"wpb_wrapper\">\n\t\t\t\t\n\t<div class=\"wpb_content_element\" data-interval=\"0\">\n\t\t<div class=\"wpb_wrapper tabbed clearfix\" data-style=\"default\" data-animation=\"fade\" data-spacing=\"default\" data-icon-size=\"\" data-full-width-line=\"\" data-color-scheme=\"extra-color-2\" data-alignment=\"center\">\n\t\t\t<ul class=\"wpb_tabs_nav ui-tabs-nav clearfix\"><li class=\"tab-item active-tab\"><a role=\"button\" href=\"#tab-1754253011590-10\" class=\"active-tab\"><span>Info<\/span><\/a><\/li><li class=\"tab-item\"><a role=\"button\" href=\"#tab-1754253011618-8\" ><span>Reserveringen Swap Meet<\/span><\/a><\/li><li class=\"tab-item\"><a role=\"button\" href=\"#tab-1754253011622-7\" ><span>Reserveringen Stand<\/span><\/a><\/li><li class=\"tab-item\"><a role=\"button\" href=\"#tab-1754253011624-4\" ><span>Verordening<\/span><\/a><\/li><li class=\"tab-item\"><a role=\"button\" href=\"#tab-1754253011639-6\" ><span>Advertentieprijs<\/span><\/a><\/li><\/ul>\n\n\t\t\t\n\t\t\t<div id=\"tab-infos\" data-tab-icon=\"fa fa-info-circle\" class=\"wpb_tab ui-tabs-panel wpb_ui-tabs-hide clearfix\">\n\t\t\t\t<div class=\"nectar-split-heading\" data-align=\"center\" data-m-align=\"inherit\" data-text-effect=\"default\" data-animation-type=\"line-reveal-by-space\" data-animation-delay=\"0\" data-animation-offset=\"\" data-m-rm-animation=\"\" data-stagger=\"\" data-custom-font-size=\"false\" ><h2 style=\" color: #000000;\">Info<\/h2><\/div><div class=\"divider-wrap\" data-alignment=\"default\"><div style=\"margin-top: 12.5px; height: 1px; margin-bottom: 12.5px;\" data-width=\"100%\" data-animate=\"\" data-animation-delay=\"\" data-color=\"default\" class=\"divider-border\"><\/div><\/div><div id=\"fws_69e4e3034c88a\" data-midnight=\"\" data-column-margin=\"default\" class=\"wpb_row vc_row-fluid vc_row inner_row\"  style=\"\"><div class=\"row-bg-wrap\"> <div class=\"row-bg\" ><\/div> <\/div><div class=\"row_col_wrap_12_inner col span_12  left\">\n\t<div  class=\"vc_col-sm-12 wpb_column column_container vc_column_container col child_column no-extra-padding inherit_tablet inherit_phone\"   data-padding-pos=\"all\" data-has-bg-color=\"false\" data-bg-color=\"\" data-bg-opacity=\"1\" data-animation=\"\" data-delay=\"0\" >\n\t\t<div class=\"vc_column-inner\" >\n\t\t<div class=\"wpb_wrapper\">\n\t\t\t\n<div class=\"wpb_text_column wpb_content_element\" >\n\t<div class=\"wpb_wrapper\">\n\t\t<h2>Swap meet \u2013 Exposantenstand<\/h2>\n<p>&nbsp;<\/p>\n<p>informatie over prijzen en reserveringen Swap Meet \u2013 Stand alleen via online formulieren.<\/p>\n<p><a href=\"\/nl\/swap-meet-stand\/?tab=R\u00e9servation-Swap-meet\">Reserveringen Swap Meet<\/a><br \/>\n<a href=\"\/nl\/swap-meet-stand\/?tab=R\u00e9servation-Stand-exposants\">Reserveringen Stand<\/a><\/p>\n<p>Contact:\u00a0<a href=\"\/nl\/a-propos\/#team\">Arnaud en Sandrine<\/a><\/p>\n\t<\/div>\n<\/div>\n\n\n\n<div class=\"img-with-aniamtion-wrap\" data-max-width=\"100%\" data-max-width-mobile=\"default\" data-shadow=\"none\" data-animation=\"none\" >\n      <div class=\"inner\">\n        <div class=\"hover-wrap\"> \n          <div class=\"hover-wrap-inner\">\n            <img loading=\"lazy\" decoding=\"async\" class=\"img-with-animation skip-lazy\" data-delay=\"0\" height=\"781\" width=\"1920\" data-animation=\"none\" src=\"https:\/\/staging.vwbugshow.be\/wp-content\/uploads\/2024\/01\/swap-meet-bugshow-public-3.jpg\" alt=\"\" srcset=\"https:\/\/staging.vwbugshow.be\/wp-content\/uploads\/2024\/01\/swap-meet-bugshow-public-3.jpg 1920w, https:\/\/staging.vwbugshow.be\/wp-content\/uploads\/2024\/01\/swap-meet-bugshow-public-3-300x122.jpg 300w, https:\/\/staging.vwbugshow.be\/wp-content\/uploads\/2024\/01\/swap-meet-bugshow-public-3-1024x417.jpg 1024w, https:\/\/staging.vwbugshow.be\/wp-content\/uploads\/2024\/01\/swap-meet-bugshow-public-3-768x312.jpg 768w, https:\/\/staging.vwbugshow.be\/wp-content\/uploads\/2024\/01\/swap-meet-bugshow-public-3-1536x625.jpg 1536w\" sizes=\"auto, (max-width: 1920px) 100vw, 1920px\" \/>\n          <\/div>\n        <\/div>\n      <\/div>\n    <\/div>\n\t\t<\/div> \n\t<\/div>\n\t<\/div> \n<\/div><\/div>\n\t\t\t<\/div> \n\t\t\t<div id=\"tab-reservation-swap-meet\" data-tab-icon=\"\" class=\"wpb_tab ui-tabs-panel wpb_ui-tabs-hide clearfix\">\n\t\t\t\t\n<div class=\"wpb_text_column wpb_content_element\" >\n\t<div class=\"wpb_wrapper\">\n\t\t<h1 style=\"text-align: center;\"><strong>Sold Out<\/strong><\/h1>\n\t<\/div>\n<\/div>\n\n\n\n\n\t\t\t<\/div> \n\t\t\t<div id=\"tab-reservation-stand-exposants\" data-tab-icon=\"\" class=\"wpb_tab ui-tabs-panel wpb_ui-tabs-hide clearfix\">\n\t\t\t\t\n<div class=\"wpb_text_column wpb_content_element\" >\n\t<div class=\"wpb_wrapper\">\n\t\t<h1 style=\"text-align: center;\"><strong>Sold Out<\/strong><\/h1>\n\t<\/div>\n<\/div>\n\n\n\n\n\t\t\t<\/div> \n\t\t\t<div id=\"tab-reglement\" data-tab-icon=\"fa fa-bars\" class=\"wpb_tab ui-tabs-panel wpb_ui-tabs-hide clearfix\">\n\t\t\t\t<div id=\"fws_69e4e3034d724\" data-midnight=\"\" data-column-margin=\"default\" class=\"wpb_row vc_row-fluid vc_row inner_row\"  style=\"\"><div class=\"row-bg-wrap\"> <div class=\"row-bg\" ><\/div> <\/div><div class=\"row_col_wrap_12_inner col span_12  left\">\n\t<div  class=\"vc_col-sm-3 wpb_column column_container vc_column_container col child_column no-extra-padding inherit_tablet inherit_phone\"   data-padding-pos=\"all\" data-has-bg-color=\"false\" data-bg-color=\"\" data-bg-opacity=\"1\" data-animation=\"\" data-delay=\"0\" >\n\t\t<div class=\"vc_column-inner\" >\n\t\t<div class=\"wpb_wrapper\">\n\t\t\t<div class=\"nectar_icon_wrap\" data-style=\"default\" data-padding=\"0px\" data-color=\"extra-color-gradient-1\" style=\"margin-bottom: 5px; \" >\n\t\t<div class=\"nectar_icon\" style=\"height: 62px; width: 62px;\"><span class=\"im-icon-wrap\" data-color=\"extra-color-gradient-1\"><span><svg role=\"presentation\" version=\"1.1\" xmlns=\"http:\/\/www.w3.org\/2000\/svg\" width=\"50\" height=\"50\" viewbox=\"0 0 32 32\" fill=\"url(#nectar-iconsmind-icon-69e4e3034da2d)\">\n        <path d=\"M20.68 14.325c-0.096 0-0.195-0.021-0.287-0.065-0.232-0.109-0.38-0.344-0.38-0.601v-7.252l-9.58 7.775c-0.2 0.161-0.475 0.195-0.707 0.084-0.232-0.112-0.38-0.347-0.38-0.601v-7.135l-8.241 7.621c-0.271 0.251-0.693 0.233-0.943-0.033-0.251-0.271-0.233-0.695 0.037-0.943l9.361-8.656c0.195-0.18 0.477-0.224 0.72-0.123 0.244 0.107 0.4 0.347 0.4 0.612v7.253l9.583-7.775c0.197-0.16 0.472-0.195 0.705-0.084 0.232 0.112 0.379 0.347 0.379 0.601v7.255l9.583-7.775c0.197-0.16 0.472-0.195 0.705-0.084 0.232 0.109 0.379 0.347 0.379 0.601v8.633c0 0.367-0.299 0.667-0.667 0.667-0.365 0-0.667-0.3-0.667-0.667v-7.232l-9.58 7.775c-0.123 0.096-0.271 0.148-0.421 0.148zM20.68 27.659c-0.096 0-0.195-0.021-0.287-0.065-0.232-0.109-0.38-0.344-0.38-0.601v-7.252l-9.58 7.775c-0.2 0.161-0.475 0.195-0.707 0.084-0.232-0.112-0.38-0.347-0.38-0.601v-7.136l-8.241 7.623c-0.271 0.251-0.693 0.233-0.943-0.033-0.251-0.271-0.233-0.695 0.037-0.943l9.361-8.656c0.195-0.18 0.477-0.224 0.72-0.123 0.244 0.107 0.4 0.347 0.4 0.612v7.252l9.583-7.773c0.197-0.161 0.472-0.195 0.705-0.084 0.232 0.112 0.379 0.348 0.379 0.601v7.253l9.583-7.773c0.197-0.161 0.472-0.196 0.705-0.084 0.232 0.109 0.379 0.348 0.379 0.601v8.635c0 0.365-0.299 0.667-0.667 0.667-0.365 0-0.667-0.301-0.667-0.667v-7.235l-9.58 7.775c-0.123 0.097-0.271 0.149-0.421 0.149z\"><\/path>\n        <\/svg><svg style=\"height:0;width:0;position:absolute;\" aria-hidden=\"true\" focusable=\"false\">\n\t\t\t  <lineargradient id=\"nectar-iconsmind-icon-69e4e3034da2d\" x2=\"1\" y2=\"1\">\n\t\t\t    <stop offset=\"0%\" stop-color=\"#3452ff\" \/>\n\t\t\t    <stop offset=\"100%\" stop-color=\"#ff1053\" \/>\n\t\t\t  <\/lineargradient>\n\t\t\t<\/svg><\/span><\/span><\/div>\n\t<\/div><div class=\"nectar-split-heading\" data-align=\"center\" data-m-align=\"inherit\" data-text-effect=\"default\" data-animation-type=\"line-reveal-by-space\" data-animation-delay=\"0\" data-animation-offset=\"\" data-m-rm-animation=\"\" data-stagger=\"\" data-custom-font-size=\"false\" ><h2 style=\" color: #000000;\">Verordening<\/h2><\/div>\n\t\t<\/div> \n\t<\/div>\n\t<\/div> \n\n\t<div style=\" color: #000000;\" class=\"vc_col-sm-9 wpb_column column_container vc_column_container col child_column padding-4-percent el_spacing_0px inherit_tablet inherit_phone\" data-cfc=\"true\"  data-padding-pos=\"all\" data-has-bg-color=\"false\" data-bg-color=\"\" data-bg-opacity=\"1\" data-animation=\"\" data-delay=\"0\" >\n\t\t<div class=\"vc_column-inner\" >\n\t\t<div class=\"wpb_wrapper\">\n\t\t\t\n<div class=\"wpb_text_column wpb_content_element\" >\n\t<div class=\"wpb_wrapper\">\n\t\t<ol class=\"uk-list-line\">\n<li>Verkopers die een F1 stand hebben gereserveerd hebben toegang tot hun stand zodra deze vrijgemaakt is door de vorige eigenaar.<\/li>\n<li>De swapmeet verkopers zullen zich moeten plaatsen op de door de organisator voorziene plaats. Ze zullen NIET meer zelf mogen kiezen.<\/li>\n<li>Vanaf 20h00 kunnen de swapmeet verkopers beginnen met opstellen. De oppervlakte voor de F1 stands zullen vanaf dan moeilijk bereikbaar zijn. De verkopers zijn verplicht om de aanmaningen die door leden van de organisatie verstrekt worden te volgen, hun voertuigen te lossen en deze zo snel mogelijk te verplaatsen.<\/li>\n<li>Er zal een overname overgave staat gemaakt zijn op voorhand maar de standhouders F1 dienen deze te bekrachtigen voor ze hun materiaal opstellen. Elke degradatie zal aan de organisator moeten vermeld worden voor het opstellen. Elke standhouder F1 is verantwoordelijk voor alle veroorzaakte schade tijdens zijn verblijf in de stand.<\/li>\n<li>Het is verboden om te plakken; nagelen, vijzen op muren, vloer, deuren, poorten, \u2026.<\/li>\n<li>Er mag niets bevestigd worden op de infrastructuur van het circuit ( muren deuren, afzettingen,\u2026<\/li>\n<li>Indien u een olievlek opmerkt waarschuw meteen de organisatie zodat deze meteen verwijderd kan worden Elke niet vermelde vlek zal een penaliteit inhouden.<\/li>\n<li>Volgende zaken mogen niet verkocht worden (wapens, boksring baseball bat, drones, drank en voedsel.<\/li>\n<li>De ongeoorloofde dingen zullen weggehaald worden en zondag avond teruggegeven worden.<\/li>\n<li>De F1 stands en de swapmeet zullen ten laatste zondag om 17h30 ontruimd zijn. Er mag in de stands en in de voertuigen van de swapmeet overnacht worden indien men de andere mensen niet stoort tussen 24h en 07h(geen luide muziek, geen roepende mensen,\u2026).<\/li>\n<li>De achterste poort van de stand geeft toegang tot de pit lane en mag NIET geopend worden.<\/li>\n<li>Alle plaats die door een F1 stand verkoper buiten zijn stand gebruikt word zal aangerekend worden aan swapmeet tarief. U kan niet buiten installeren indien u niet op voorhand hebt gereserveerd.<\/li>\n<li>Een afstand van 4 meter voor de stand moet vrij blijven voor veiligheidsvoertuigen en dit het hele WE.<\/li>\n<li>Geen enkel voertuig mag op de swapmeet rijden tussen 8h en 18h. De voertuigen die zouden moeten rijden dienen op de violet parking geplaatst te worden.<\/li>\n<li>Voor de swapmeet is de gefactureerde prijs gelijk aan de gebruikte verkoopruimte. Uw wagen word niet gefactureerd.<\/li>\n<li>Het is verboden om vuur te maken op de grond. BBQ op poten zijn toegelaten op voorwaarde dat ze op een stabiele basis zitten en dat de rook de buren niet stoort.<\/li>\n<li>Het niet respecteren van dit reglement kan tot de exclusie van de meeting leiden. De organisatie kan zonder verwittigen het reglement aanpassen indien nodig zou zijn.<\/li>\n<\/ol>\n\t<\/div>\n<\/div>\n\n\n\n\n\t\t<\/div> \n\t<\/div>\n\t<\/div> \n<\/div><\/div>\n\t\t\t<\/div> \n\t\t\t<div id=\"tab-tarif-publicite\" data-tab-icon=\"fa fa-newspaper-o\" class=\"wpb_tab ui-tabs-panel wpb_ui-tabs-hide clearfix vc_hidden-lg vc_hidden-md vc_hidden-sm vc_hidden-xs\">\n\t\t\t\t<div class=\"nectar-split-heading\" data-align=\"center\" data-m-align=\"inherit\" data-text-effect=\"default\" data-animation-type=\"line-reveal-by-space\" data-animation-delay=\"0\" data-animation-offset=\"\" data-m-rm-animation=\"\" data-stagger=\"\" data-custom-font-size=\"false\" ><h2 style=\" color: #000000;\">Advertentieprijs<\/h2><\/div><div class=\"divider-wrap\" data-alignment=\"default\"><div style=\"margin-top: 12.5px; height: 1px; margin-bottom: 12.5px;\" data-width=\"100%\" data-animate=\"\" data-animation-delay=\"\" data-color=\"default\" class=\"divider-border\"><\/div><\/div><div id=\"fws_69e4e3034e646\" data-midnight=\"\" data-column-margin=\"default\" class=\"wpb_row vc_row-fluid vc_row inner_row\"  style=\"\"><div class=\"row-bg-wrap\"> <div class=\"row-bg\" ><\/div> <\/div><div class=\"row_col_wrap_12_inner col span_12  left\">\n\t<div  class=\"vc_col-sm-4 wpb_column column_container vc_column_container col child_column no-extra-padding inherit_tablet inherit_phone\"   data-padding-pos=\"all\" data-has-bg-color=\"false\" data-bg-color=\"\" data-bg-opacity=\"1\" data-animation=\"\" data-delay=\"0\" >\n\t\t<div class=\"vc_column-inner\" >\n\t\t<div class=\"wpb_wrapper\">\n\t\t\t<div class=\"nectar-fancy-box using-img\" data-style=\"color_box_basic\" data-animation=\"\" data-hover-o=\"default\" data-border-radius=\"default\" data-border=\"\" data-box-color-opacity=\"0.5\" data-delay=\"\" data-alignment=\"left\" data-color=\"#000000\" style=\"color: #ffffff;\"><div class=\"box-bg\"  style=\"background-image: url('https:\/\/staging.vwbugshow.be\/wp-content\/uploads\/2024\/01\/pub1.jpeg');  background-color: #000000;\"><\/div> <div class=\"inner\" style=\"min-height: 450px\"><i class=\"icon-default-style fa fa-file-o\" data-color=\"accent-color\" style=\"font-size: 50px!important; line-height: 50px!important;\"><\/i>\n<h2>\u00bc page A4<\/h2>\n<ul>\n<li>2 entr\u00e9es vip (acc\u00e8s mezzanine)<\/li>\n<\/ul>\n<h3>340\u20ac HTVA<\/h3>\n<div class=\"nectar-cta\" data-color=\"\" data-using-bg=\"false\" data-style=\"see-through\" data-display=\"block\" data-alignment=\"center\" data-text-color=\"std\" ><h5> <span class=\"text\"> <\/span><span class=\"link_wrap\" ><a target=\"_blank\" class=\"link_text\" role=\"button\" href=\"https:\/\/www.google.be\">Tickets<span class=\"arrow\"><\/span><\/a><\/span><\/h5><\/div><\/div>   <\/div>\n\t\t<\/div> \n\t<\/div>\n\t<\/div> \n\n\t<div  class=\"vc_col-sm-4 wpb_column column_container vc_column_container col child_column no-extra-padding inherit_tablet inherit_phone\"   data-padding-pos=\"all\" data-has-bg-color=\"false\" data-bg-color=\"\" data-bg-opacity=\"1\" data-animation=\"\" data-delay=\"0\" >\n\t\t<div class=\"vc_column-inner\" >\n\t\t<div class=\"wpb_wrapper\">\n\t\t\t<div class=\"nectar-fancy-box using-img\" data-style=\"color_box_basic\" data-animation=\"\" data-hover-o=\"default\" data-border-radius=\"default\" data-border=\"\" data-box-color-opacity=\"0.5\" data-delay=\"\" data-alignment=\"left\" data-color=\"#000000\" style=\"color: #ffffff;\"><div class=\"box-bg\"  style=\"background-image: url('https:\/\/staging.vwbugshow.be\/wp-content\/uploads\/2024\/01\/pub1.jpeg');  background-color: #000000;\"><\/div> <div class=\"inner\" style=\"min-height: 450px\"><i class=\"icon-default-style fa fa-file-text-o\" data-color=\"accent-color\" style=\"font-size: 50px!important; line-height: 50px!important;\"><\/i>\n<h2>\u00bd page A4<\/h2>\n<ul>\n<li>2 VIP-inzendingen<\/li>\n<\/ul>\n<h3>430\u20ac HTVA<\/h3>\n<div class=\"nectar-cta\" data-color=\"\" data-using-bg=\"false\" data-style=\"see-through\" data-display=\"block\" data-alignment=\"center\" data-text-color=\"std\" ><h5> <span class=\"text\"> <\/span><span class=\"link_wrap\" ><a target=\"_blank\" class=\"link_text\" role=\"button\" href=\"https:\/\/www.google.be\">Tickets<span class=\"arrow\"><\/span><\/a><\/span><\/h5><\/div><\/div>   <\/div>\n\t\t<\/div> \n\t<\/div>\n\t<\/div> \n\n\t<div  class=\"vc_col-sm-4 wpb_column column_container vc_column_container col child_column no-extra-padding inherit_tablet inherit_phone\"   data-padding-pos=\"all\" data-has-bg-color=\"false\" data-bg-color=\"\" data-bg-opacity=\"1\" data-animation=\"\" data-delay=\"0\" >\n\t\t<div class=\"vc_column-inner\" >\n\t\t<div class=\"wpb_wrapper\">\n\t\t\t<div class=\"nectar-fancy-box using-img\" data-style=\"color_box_basic\" data-animation=\"\" data-hover-o=\"default\" data-border-radius=\"default\" data-border=\"\" data-box-color-opacity=\"0.5\" data-delay=\"\" data-alignment=\"left\" data-color=\"#000000\" style=\"color: #ffffff;\"><div class=\"box-bg\"  style=\"background-image: url('https:\/\/staging.vwbugshow.be\/wp-content\/uploads\/2024\/01\/pub1.jpeg');  background-color: #000000;\"><\/div> <div class=\"inner\" style=\"min-height: 450px\"><i class=\"icon-default-style fa fa-file-text\" data-color=\"accent-color\" style=\"font-size: 50px!important; line-height: 50px!important;\"><\/i>\n<h2>1 page A4<\/h2>\n<ul>\n<li class=\"sprocket-tables-desc sprocket-tables-cell sprocket-tables-bg1\">4 VIP-inzendingen<\/li>\n<\/ul>\n<h3>640\u20ac HTVA<\/h3>\n<div class=\"nectar-cta\" data-color=\"\" data-using-bg=\"false\" data-style=\"see-through\" data-display=\"block\" data-alignment=\"center\" data-text-color=\"std\" ><h5> <span class=\"text\"> <\/span><span class=\"link_wrap\" ><a target=\"_blank\" class=\"link_text\" role=\"button\" href=\"https:\/\/www.google.be\">Tickets<span class=\"arrow\"><\/span><\/a><\/span><\/h5><\/div>\n<div id=\"gtx-trans\" style=\"position: absolute;left: -15px;top: 224.695px\">\n<div class=\"gtx-trans-icon\"><\/div>\n<\/div>\n<\/div>   <\/div>\n\t\t<\/div> \n\t<\/div>\n\t<\/div> \n<\/div><\/div><div class=\"nectar-highlighted-text\" data-style=\"full_text\" data-exp=\"default\" data-using-custom-color=\"true\" data-animation-delay=\"false\" data-color=\"#d3d3d3\" data-color-gradient=\"\" style=\"\"><p><em><strong class=\"uk-text-danger\"><abbr title=\"Important\">BELANGRIJK<\/abbr><\/strong><\/em><br \/>\n<strong>Informatie en reservering binnenkort online beschikbaar<\/strong><\/p>\n<\/div>\n\t\t\t<\/div> \n\t\t<\/div> \n\t<\/div> \n\t\t\t<\/div> \n\t\t<\/div>\n\t<\/div> \n<\/div><\/div>","protected":false},"excerpt":{"rendered":"InfosR\u00e9servation Swap meetR\u00e9servation Stand exposantsR\u00e8glementTarif Publicit\u00e9 Infos Swap meet - Stand exposants &nbsp; Infos tarifs et r\u00e9servation Swap meet - Stand exposants uniquement via formulaires en ligne. R\u00e9servation Swap meet...","protected":false},"author":2,"featured_media":0,"parent":0,"menu_order":0,"comment_status":"closed","ping_status":"closed","template":"","meta":{"footnotes":""},"folder":[],"class_list":["post-1967","page","type-page","status-publish"],"yoast_head":"<!-- This site is optimized with the Yoast SEO plugin v27.3 - https:\/\/yoast.com\/product\/yoast-seo-wordpress\/ -->\n<title>Swap meet - Stand exposants - LeBugShow<\/title>\n<meta name=\"robots\" content=\"index, follow, max-snippet:-1, max-image-preview:large, max-video-preview:-1\" \/>\n<link rel=\"canonical\" href=\"https:\/\/staging.vwbugshow.be\/nl\/swap-meet-stand\/\" \/>\n<meta property=\"og:locale\" content=\"nl_BE\" \/>\n<meta property=\"og:type\" content=\"article\" \/>\n<meta property=\"og:title\" content=\"Swap meet - Stand exposants - LeBugShow\" \/>\n<meta property=\"og:url\" content=\"https:\/\/staging.vwbugshow.be\/nl\/swap-meet-stand\/\" \/>\n<meta property=\"og:site_name\" content=\"LeBugShow\" \/>\n<meta property=\"article:publisher\" content=\"https:\/\/www.facebook.com\/Lebugshow\" \/>\n<meta property=\"article:modified_time\" content=\"2025-08-03T20:30:42+00:00\" \/>\n<meta name=\"twitter:card\" content=\"summary_large_image\" \/>\n<meta name=\"twitter:label1\" content=\"Geschatte leestijd\" \/>\n\t<meta name=\"twitter:data1\" content=\"6 minuten\" \/>\n<script type=\"application\/ld+json\" class=\"yoast-schema-graph\">{\"@context\":\"https:\\\/\\\/schema.org\",\"@graph\":[{\"@type\":\"WebPage\",\"@id\":\"https:\\\/\\\/staging.vwbugshow.be\\\/swap-meet-stand\\\/\",\"url\":\"https:\\\/\\\/staging.vwbugshow.be\\\/swap-meet-stand\\\/\",\"name\":\"Swap meet - Stand exposants - LeBugShow\",\"isPartOf\":{\"@id\":\"https:\\\/\\\/staging.vwbugshow.be\\\/#website\"},\"datePublished\":\"2024-01-04T22:20:43+00:00\",\"dateModified\":\"2025-08-03T20:30:42+00:00\",\"breadcrumb\":{\"@id\":\"https:\\\/\\\/staging.vwbugshow.be\\\/swap-meet-stand\\\/#breadcrumb\"},\"inLanguage\":\"nl-BE\",\"potentialAction\":[{\"@type\":\"ReadAction\",\"target\":[\"https:\\\/\\\/staging.vwbugshow.be\\\/swap-meet-stand\\\/\"]}]},{\"@type\":\"BreadcrumbList\",\"@id\":\"https:\\\/\\\/staging.vwbugshow.be\\\/swap-meet-stand\\\/#breadcrumb\",\"itemListElement\":[{\"@type\":\"ListItem\",\"position\":1,\"name\":\"Accueil\",\"item\":\"https:\\\/\\\/staging.vwbugshow.be\\\/\"},{\"@type\":\"ListItem\",\"position\":2,\"name\":\"Swap meet &#8211; Stand exposants\"}]},{\"@type\":\"WebSite\",\"@id\":\"https:\\\/\\\/staging.vwbugshow.be\\\/#website\",\"url\":\"https:\\\/\\\/staging.vwbugshow.be\\\/\",\"name\":\"LeBugShow\",\"description\":\"Your 2500 aircooled VW event since 1991\",\"publisher\":{\"@id\":\"https:\\\/\\\/staging.vwbugshow.be\\\/#organization\"},\"potentialAction\":[{\"@type\":\"SearchAction\",\"target\":{\"@type\":\"EntryPoint\",\"urlTemplate\":\"https:\\\/\\\/staging.vwbugshow.be\\\/?s={search_term_string}\"},\"query-input\":{\"@type\":\"PropertyValueSpecification\",\"valueRequired\":true,\"valueName\":\"search_term_string\"}}],\"inLanguage\":\"nl-BE\"},{\"@type\":\"Organization\",\"@id\":\"https:\\\/\\\/staging.vwbugshow.be\\\/#organization\",\"name\":\"BelgianBuggyAndVWClub\",\"url\":\"https:\\\/\\\/staging.vwbugshow.be\\\/\",\"logo\":{\"@type\":\"ImageObject\",\"inLanguage\":\"nl-BE\",\"@id\":\"https:\\\/\\\/staging.vwbugshow.be\\\/#\\\/schema\\\/logo\\\/image\\\/\",\"url\":\"https:\\\/\\\/staging.vwbugshow.be\\\/wp-content\\\/uploads\\\/2023\\\/12\\\/logo-belgian-buggy-horiz.png\",\"contentUrl\":\"https:\\\/\\\/staging.vwbugshow.be\\\/wp-content\\\/uploads\\\/2023\\\/12\\\/logo-belgian-buggy-horiz.png\",\"width\":366,\"height\":120,\"caption\":\"BelgianBuggyAndVWClub\"},\"image\":{\"@id\":\"https:\\\/\\\/staging.vwbugshow.be\\\/#\\\/schema\\\/logo\\\/image\\\/\"},\"sameAs\":[\"https:\\\/\\\/www.facebook.com\\\/Lebugshow\"]}]}<\/script>\n<!-- \/ Yoast SEO plugin. -->","yoast_head_json":{"title":"Swap meet - Stand exposants - LeBugShow","robots":{"index":"index","follow":"follow","max-snippet":"max-snippet:-1","max-image-preview":"max-image-preview:large","max-video-preview":"max-video-preview:-1"},"canonical":"https:\/\/staging.vwbugshow.be\/nl\/swap-meet-stand\/","og_locale":"nl_BE","og_type":"article","og_title":"Swap meet - Stand exposants - LeBugShow","og_url":"https:\/\/staging.vwbugshow.be\/nl\/swap-meet-stand\/","og_site_name":"LeBugShow","article_publisher":"https:\/\/www.facebook.com\/Lebugshow","article_modified_time":"2025-08-03T20:30:42+00:00","twitter_card":"summary_large_image","twitter_misc":{"Geschatte leestijd":"6 minuten"},"schema":{"@context":"https:\/\/schema.org","@graph":[{"@type":"WebPage","@id":"https:\/\/staging.vwbugshow.be\/swap-meet-stand\/","url":"https:\/\/staging.vwbugshow.be\/swap-meet-stand\/","name":"Swap meet - Stand exposants - LeBugShow","isPartOf":{"@id":"https:\/\/staging.vwbugshow.be\/#website"},"datePublished":"2024-01-04T22:20:43+00:00","dateModified":"2025-08-03T20:30:42+00:00","breadcrumb":{"@id":"https:\/\/staging.vwbugshow.be\/swap-meet-stand\/#breadcrumb"},"inLanguage":"nl-BE","potentialAction":[{"@type":"ReadAction","target":["https:\/\/staging.vwbugshow.be\/swap-meet-stand\/"]}]},{"@type":"BreadcrumbList","@id":"https:\/\/staging.vwbugshow.be\/swap-meet-stand\/#breadcrumb","itemListElement":[{"@type":"ListItem","position":1,"name":"Accueil","item":"https:\/\/staging.vwbugshow.be\/"},{"@type":"ListItem","position":2,"name":"Swap meet &#8211; Stand exposants"}]},{"@type":"WebSite","@id":"https:\/\/staging.vwbugshow.be\/#website","url":"https:\/\/staging.vwbugshow.be\/","name":"LeBugShow","description":"Your 2500 aircooled VW event since 1991","publisher":{"@id":"https:\/\/staging.vwbugshow.be\/#organization"},"potentialAction":[{"@type":"SearchAction","target":{"@type":"EntryPoint","urlTemplate":"https:\/\/staging.vwbugshow.be\/?s={search_term_string}"},"query-input":{"@type":"PropertyValueSpecification","valueRequired":true,"valueName":"search_term_string"}}],"inLanguage":"nl-BE"},{"@type":"Organization","@id":"https:\/\/staging.vwbugshow.be\/#organization","name":"BelgianBuggyAndVWClub","url":"https:\/\/staging.vwbugshow.be\/","logo":{"@type":"ImageObject","inLanguage":"nl-BE","@id":"https:\/\/staging.vwbugshow.be\/#\/schema\/logo\/image\/","url":"https:\/\/staging.vwbugshow.be\/wp-content\/uploads\/2023\/12\/logo-belgian-buggy-horiz.png","contentUrl":"https:\/\/staging.vwbugshow.be\/wp-content\/uploads\/2023\/12\/logo-belgian-buggy-horiz.png","width":366,"height":120,"caption":"BelgianBuggyAndVWClub"},"image":{"@id":"https:\/\/staging.vwbugshow.be\/#\/schema\/logo\/image\/"},"sameAs":["https:\/\/www.facebook.com\/Lebugshow"]}]}},"_links":{"self":[{"href":"https:\/\/staging.vwbugshow.be\/nl\/wp-json\/wp\/v2\/pages\/1967","targetHints":{"allow":["GET"]}}],"collection":[{"href":"https:\/\/staging.vwbugshow.be\/nl\/wp-json\/wp\/v2\/pages"}],"about":[{"href":"https:\/\/staging.vwbugshow.be\/nl\/wp-json\/wp\/v2\/types\/page"}],"author":[{"embeddable":true,"href":"https:\/\/staging.vwbugshow.be\/nl\/wp-json\/wp\/v2\/users\/2"}],"replies":[{"embeddable":true,"href":"https:\/\/staging.vwbugshow.be\/nl\/wp-json\/wp\/v2\/comments?post=1967"}],"version-history":[{"count":67,"href":"https:\/\/staging.vwbugshow.be\/nl\/wp-json\/wp\/v2\/pages\/1967\/revisions"}],"predecessor-version":[{"id":2608,"href":"https:\/\/staging.vwbugshow.be\/nl\/wp-json\/wp\/v2\/pages\/1967\/revisions\/2608"}],"wp:attachment":[{"href":"https:\/\/staging.vwbugshow.be\/nl\/wp-json\/wp\/v2\/media?parent=1967"}],"wp:term":[{"taxonomy":"folder","embeddable":true,"href":"https:\/\/staging.vwbugshow.be\/nl\/wp-json\/wp\/v2\/folder?post=1967"}],"curies":[{"name":"wp","href":"https:\/\/api.w.org\/{rel}","templated":true}]}}