{"id":1967,"date":"2024-01-04T23:20:43","date_gmt":"2024-01-04T22:20:43","guid":{"rendered":"https:\/\/staging.vwbugshow.be\/?page_id=1967"},"modified":"2025-08-03T22:30:42","modified_gmt":"2025-08-03T20:30:42","slug":"swap-meet-stand","status":"publish","type":"page","link":"https:\/\/staging.vwbugshow.be\/de\/swap-meet-stand\/","title":{"rendered":"Tauschb\u00f6rse \u2013 Ausstellerstand"},"content":{"rendered":"<div id=\"fws_69e4e2a45cdfe\"  data-column-margin=\"default\" data-midnight=\"dark\" data-top-percent=\"6%\" data-bottom-percent=\"6%\"  class=\"wpb_row vc_row-fluid vc_row full-width-section\"  style=\"padding-top: calc(100vw * 0.06); padding-bottom: calc(100vw * 0.06); \"><div class=\"row-bg-wrap\" data-bg-animation=\"none\" data-bg-animation-delay=\"\" data-bg-overlay=\"false\"><div class=\"inner-wrap row-bg-layer\" ><div class=\"row-bg viewport-desktop\"  style=\"\"><\/div><\/div><\/div><div class=\"row_col_wrap_12 col span_12 dark left\">\n\t<div  class=\"vc_col-sm-12 wpb_column column_container vc_column_container col nectar-sticky-column no-extra-padding el_spacing_0px inherit_tablet inherit_phone\"  data-padding-pos=\"all\" data-has-bg-color=\"false\" data-bg-color=\"\" data-bg-opacity=\"1\" data-animation=\"\" data-delay=\"0\" >\n\t\t<div class=\"vc_column-inner\" >\n\t\t\t<div class=\"wpb_wrapper\">\n\t\t\t\t\n\t<div class=\"wpb_content_element\" data-interval=\"0\">\n\t\t<div class=\"wpb_wrapper tabbed clearfix\" data-style=\"default\" data-animation=\"fade\" data-spacing=\"default\" data-icon-size=\"\" data-full-width-line=\"\" data-color-scheme=\"extra-color-2\" data-alignment=\"center\">\n\t\t\t<ul class=\"wpb_tabs_nav ui-tabs-nav clearfix\"><li class=\"tab-item active-tab\"><a role=\"button\" href=\"#tab-1754253011590-10\" class=\"active-tab\"><span>Info<\/span><\/a><\/li><li class=\"tab-item\"><a role=\"button\" href=\"#tab-1754253011618-8\" ><span>Reservierung Tauschb\u00f6rse<\/span><\/a><\/li><li class=\"tab-item\"><a role=\"button\" href=\"#tab-1754253011622-7\" ><span>Reservierung Stand<\/span><\/a><\/li><li class=\"tab-item\"><a role=\"button\" href=\"#tab-1754253011624-4\" ><span>Beilegung<\/span><\/a><\/li><li class=\"tab-item\"><a role=\"button\" href=\"#tab-1754253011639-6\" ><span>Werbepreis<\/span><\/a><\/li><\/ul>\n\n\t\t\t\n\t\t\t<div id=\"tab-infos\" data-tab-icon=\"fa fa-info-circle\" class=\"wpb_tab ui-tabs-panel wpb_ui-tabs-hide clearfix\">\n\t\t\t\t<div class=\"nectar-split-heading\" data-align=\"center\" data-m-align=\"inherit\" data-text-effect=\"default\" data-animation-type=\"line-reveal-by-space\" data-animation-delay=\"0\" data-animation-offset=\"\" data-m-rm-animation=\"\" data-stagger=\"\" data-custom-font-size=\"false\" ><h2 style=\" color: #000000;\">Info<\/h2><\/div><div class=\"divider-wrap\" data-alignment=\"default\"><div style=\"margin-top: 12.5px; height: 1px; margin-bottom: 12.5px;\" data-width=\"100%\" data-animate=\"\" data-animation-delay=\"\" data-color=\"default\" class=\"divider-border\"><\/div><\/div><div id=\"fws_69e4e2a45d89c\" data-midnight=\"\" data-column-margin=\"default\" class=\"wpb_row vc_row-fluid vc_row inner_row\"  style=\"\"><div class=\"row-bg-wrap\"> <div class=\"row-bg\" ><\/div> <\/div><div class=\"row_col_wrap_12_inner col span_12  left\">\n\t<div  class=\"vc_col-sm-12 wpb_column column_container vc_column_container col child_column no-extra-padding inherit_tablet inherit_phone\"   data-padding-pos=\"all\" data-has-bg-color=\"false\" data-bg-color=\"\" data-bg-opacity=\"1\" data-animation=\"\" data-delay=\"0\" >\n\t\t<div class=\"vc_column-inner\" >\n\t\t<div class=\"wpb_wrapper\">\n\t\t\t\n<div class=\"wpb_text_column wpb_content_element\" >\n\t<div class=\"wpb_wrapper\">\n\t\t<h2>Tauschb\u00f6rse \u2013 Ausstellerstand<\/h2>\n<p>&nbsp;<\/p>\n<p>Informationen zu Preisen und Reservierung Tauschb\u00f6rse \u2013 Stand nur \u00fcber Online-Formulare.<\/p>\n<p><a href=\"\/de\/swap-meet-stand\/?tab=R\u00e9servation-Swap-meet\">Reservierung Tauschb\u00f6rse<\/a><br \/>\n<a href=\"\/de\/swap-meet-stand\/?tab=R\u00e9servation-Stand-exposants\">Reservierung Stand<\/a><\/p>\n<p>Contact:\u00a0<a href=\"\/de\/a-propos\/#team\">Arnaud and Sandrine<\/a><\/p>\n\t<\/div>\n<\/div>\n\n\n\n<div class=\"img-with-aniamtion-wrap\" data-max-width=\"100%\" data-max-width-mobile=\"default\" data-shadow=\"none\" data-animation=\"none\" >\n      <div class=\"inner\">\n        <div class=\"hover-wrap\"> \n          <div class=\"hover-wrap-inner\">\n            <img loading=\"lazy\" decoding=\"async\" class=\"img-with-animation skip-lazy\" data-delay=\"0\" height=\"781\" width=\"1920\" data-animation=\"none\" src=\"https:\/\/staging.vwbugshow.be\/wp-content\/uploads\/2024\/01\/swap-meet-bugshow-public-3.jpg\" alt=\"\" srcset=\"https:\/\/staging.vwbugshow.be\/wp-content\/uploads\/2024\/01\/swap-meet-bugshow-public-3.jpg 1920w, https:\/\/staging.vwbugshow.be\/wp-content\/uploads\/2024\/01\/swap-meet-bugshow-public-3-300x122.jpg 300w, https:\/\/staging.vwbugshow.be\/wp-content\/uploads\/2024\/01\/swap-meet-bugshow-public-3-1024x417.jpg 1024w, https:\/\/staging.vwbugshow.be\/wp-content\/uploads\/2024\/01\/swap-meet-bugshow-public-3-768x312.jpg 768w, https:\/\/staging.vwbugshow.be\/wp-content\/uploads\/2024\/01\/swap-meet-bugshow-public-3-1536x625.jpg 1536w\" sizes=\"auto, (max-width: 1920px) 100vw, 1920px\" \/>\n          <\/div>\n        <\/div>\n      <\/div>\n    <\/div>\n\t\t<\/div> \n\t<\/div>\n\t<\/div> \n<\/div><\/div>\n\t\t\t<\/div> \n\t\t\t<div id=\"tab-reservation-swap-meet\" data-tab-icon=\"\" class=\"wpb_tab ui-tabs-panel wpb_ui-tabs-hide clearfix\">\n\t\t\t\t\n<div class=\"wpb_text_column wpb_content_element\" >\n\t<div class=\"wpb_wrapper\">\n\t\t<h1 style=\"text-align: center;\"><strong>Sold Out<\/strong><\/h1>\n\t<\/div>\n<\/div>\n\n\n\n\n\t\t\t<\/div> \n\t\t\t<div id=\"tab-reservation-stand-exposants\" data-tab-icon=\"\" class=\"wpb_tab ui-tabs-panel wpb_ui-tabs-hide clearfix\">\n\t\t\t\t\n<div class=\"wpb_text_column wpb_content_element\" >\n\t<div class=\"wpb_wrapper\">\n\t\t<h1 style=\"text-align: center;\"><strong>Sold Out<\/strong><\/h1>\n\t<\/div>\n<\/div>\n\n\n\n\n\t\t\t<\/div> \n\t\t\t<div id=\"tab-reglement\" data-tab-icon=\"fa fa-bars\" class=\"wpb_tab ui-tabs-panel wpb_ui-tabs-hide clearfix\">\n\t\t\t\t<div id=\"fws_69e4e2a45e550\" data-midnight=\"\" data-column-margin=\"default\" class=\"wpb_row vc_row-fluid vc_row inner_row\"  style=\"\"><div class=\"row-bg-wrap\"> <div class=\"row-bg\" ><\/div> <\/div><div class=\"row_col_wrap_12_inner col span_12  left\">\n\t<div  class=\"vc_col-sm-3 wpb_column column_container vc_column_container col child_column no-extra-padding inherit_tablet inherit_phone\"   data-padding-pos=\"all\" data-has-bg-color=\"false\" data-bg-color=\"\" data-bg-opacity=\"1\" data-animation=\"\" data-delay=\"0\" >\n\t\t<div class=\"vc_column-inner\" >\n\t\t<div class=\"wpb_wrapper\">\n\t\t\t<div class=\"nectar_icon_wrap\" data-style=\"default\" data-padding=\"0px\" data-color=\"extra-color-gradient-1\" style=\"margin-bottom: 5px; \" >\n\t\t<div class=\"nectar_icon\" style=\"height: 62px; width: 62px;\"><span class=\"im-icon-wrap\" data-color=\"extra-color-gradient-1\"><span><svg role=\"presentation\" version=\"1.1\" xmlns=\"http:\/\/www.w3.org\/2000\/svg\" width=\"50\" height=\"50\" viewbox=\"0 0 32 32\" fill=\"url(#nectar-iconsmind-icon-69e4e2a45e881)\">\n        <path d=\"M20.68 14.325c-0.096 0-0.195-0.021-0.287-0.065-0.232-0.109-0.38-0.344-0.38-0.601v-7.252l-9.58 7.775c-0.2 0.161-0.475 0.195-0.707 0.084-0.232-0.112-0.38-0.347-0.38-0.601v-7.135l-8.241 7.621c-0.271 0.251-0.693 0.233-0.943-0.033-0.251-0.271-0.233-0.695 0.037-0.943l9.361-8.656c0.195-0.18 0.477-0.224 0.72-0.123 0.244 0.107 0.4 0.347 0.4 0.612v7.253l9.583-7.775c0.197-0.16 0.472-0.195 0.705-0.084 0.232 0.112 0.379 0.347 0.379 0.601v7.255l9.583-7.775c0.197-0.16 0.472-0.195 0.705-0.084 0.232 0.109 0.379 0.347 0.379 0.601v8.633c0 0.367-0.299 0.667-0.667 0.667-0.365 0-0.667-0.3-0.667-0.667v-7.232l-9.58 7.775c-0.123 0.096-0.271 0.148-0.421 0.148zM20.68 27.659c-0.096 0-0.195-0.021-0.287-0.065-0.232-0.109-0.38-0.344-0.38-0.601v-7.252l-9.58 7.775c-0.2 0.161-0.475 0.195-0.707 0.084-0.232-0.112-0.38-0.347-0.38-0.601v-7.136l-8.241 7.623c-0.271 0.251-0.693 0.233-0.943-0.033-0.251-0.271-0.233-0.695 0.037-0.943l9.361-8.656c0.195-0.18 0.477-0.224 0.72-0.123 0.244 0.107 0.4 0.347 0.4 0.612v7.252l9.583-7.773c0.197-0.161 0.472-0.195 0.705-0.084 0.232 0.112 0.379 0.348 0.379 0.601v7.253l9.583-7.773c0.197-0.161 0.472-0.196 0.705-0.084 0.232 0.109 0.379 0.348 0.379 0.601v8.635c0 0.365-0.299 0.667-0.667 0.667-0.365 0-0.667-0.301-0.667-0.667v-7.235l-9.58 7.775c-0.123 0.097-0.271 0.149-0.421 0.149z\"><\/path>\n        <\/svg><svg style=\"height:0;width:0;position:absolute;\" aria-hidden=\"true\" focusable=\"false\">\n\t\t\t  <lineargradient id=\"nectar-iconsmind-icon-69e4e2a45e881\" x2=\"1\" y2=\"1\">\n\t\t\t    <stop offset=\"0%\" stop-color=\"#3452ff\" \/>\n\t\t\t    <stop offset=\"100%\" stop-color=\"#ff1053\" \/>\n\t\t\t  <\/lineargradient>\n\t\t\t<\/svg><\/span><\/span><\/div>\n\t<\/div><div class=\"nectar-split-heading\" data-align=\"center\" data-m-align=\"inherit\" data-text-effect=\"default\" data-animation-type=\"line-reveal-by-space\" data-animation-delay=\"0\" data-animation-offset=\"\" data-m-rm-animation=\"\" data-stagger=\"\" data-custom-font-size=\"false\" ><h2 style=\" color: #000000;\">Beilegung<\/h2><\/div>\n\t\t<\/div> \n\t<\/div>\n\t<\/div> \n\n\t<div style=\" color: #000000;\" class=\"vc_col-sm-9 wpb_column column_container vc_column_container col child_column padding-4-percent el_spacing_0px inherit_tablet inherit_phone\" data-cfc=\"true\"  data-padding-pos=\"all\" data-has-bg-color=\"false\" data-bg-color=\"\" data-bg-opacity=\"1\" data-animation=\"\" data-delay=\"0\" >\n\t\t<div class=\"vc_column-inner\" >\n\t\t<div class=\"wpb_wrapper\">\n\t\t\t\n<div class=\"wpb_text_column wpb_content_element\" >\n\t<div class=\"wpb_wrapper\">\n\t\t<ol class=\"uk-list-line\">\n<li>Die Aussteller d\u00fcrfen ihren Stand aufbauen, sobald dieser vom letzten Standbesitzer ger\u00e4umt wurde. .<\/li>\n<li>Die Aussteller m\u00fcssen den ihnen vom Organisator zugewiesenen Standort einnehmen und haben nicht mehr die M\u00f6glichkeit selbst ihren Standort zu w\u00e4hlen.<\/li>\n<li>Ab 20 Uhr k\u00f6nnen die St\u00e4nde im Erdgeschoss (swap meet) eingerichtet werden. Der Bereich vor dem Messestand wird dann allerdings schwierig erreichbar sein.  Die Aussteller werden gebeten, die Vorschriften der Organisatoren zu ber\u00fccksichtigen und ihre Fahrzeuge so schnell wie m\u00f6glich zu entladen bzw. wieder zu versetzen.<\/li>\n<li>Die Aussteller werden gebeten die im Vorfeld gemachte Bestandsaufnahme zu best\u00e4tigen bevor mit dem Einrichten des Standes begonnen wird.  Jegliche Besch\u00e4digung muss den Organisatoren vor dem Aufbau mitgeteilt werden.  Jeder Aussteller ist f\u00fcr entstandene Sch\u00e4den w\u00e4hrend des Messewochenendes verantwortlich.<\/li>\n<li>Es ist verboten, B\u00f6den, W\u00e4nde und T\u00fcren zu bekleben oder durch Bohren zu besch\u00e4digen.<\/li>\n<li>Ausserdem ist das Anbringen von Werbungen, Anzeigen und Fahnen auf der Infrastruktur des Messegel\u00e4ndes verboten.<\/li>\n<li>Entstandene \u00d6lflecken sind den Organisatoren umgehend zu melden um die betroffenen Stellen schnellstm\u00f6glich zu s\u00e4ubern.  Die Beseitigung von nicht gemeldeten \u00d6lflecken wird dem Aussteller in Rechnung gestellt.<\/li>\n<li>Der Verkauf von einigen Gegenst\u00e4nden (Waffen, Schlagwaffen, Drohnen, Nahrungsmittel, Getr\u00e4nke) ist nicht erlaubt.<\/li>\n<li>Die Organisatoren behalten sich das Recht vor diese Gegenst\u00e4nde bis Sonntags zu beschlagnahmen.<\/li>\n<li>Die Aussteller und swap meet werden gebeten ihren Stand bis Sonntags  17h30 zu r\u00e4umen. Die Aussteller d\u00fcrfen an ihren St\u00e4nden oder in der N\u00e4he des swap meet Ortes \u00fcbernachten, unter der Bedingung, die anderen Aussteller zwischen Mitternacht und 7 Uhr morgens nicht zu bel\u00e4stigen (keine laute Musik, Schreie ...).<\/li>\n<li>Die Garagentore an den St\u00e4nden Richtung pit lane m\u00fcssen geschlossen bleiben.<\/li>\n<li>Fl\u00e4chen, die ausserhalb ihres Standes genutzt werden, werden zum swap meet Tarif  berechnet.<\/li>\n<li>Ein Durchgang von 4 Meter L\u00e4nge vor ihrem Stand muss frei gehalten werden, um den Durchgang von Einsatzfahrzeugen w\u00e4hrend des gesamten Wochenendes zu gew\u00e4hrleisten.<\/li>\n<li>Es d\u00fcrfen keine Fahrzeuge auf den reservierten swap meet Rundwegen zwischen 8h und 18h fahren.  Diejenigen, die ihren Wagen w\u00e4hrend des Messeaufenthaltes benutzen m\u00f6chten, sollten auf den violetten Parkpl\u00e4tzen parken.<\/li>\n<li>Die in Rechnung gestellte Fl\u00e4che  entspricht der Verkaufsfl\u00e4che in m\u00b2.  Die Stellpl\u00e4tze der Fahrzeuge sind kostenfrei.<\/li>\n<li>Es ist ausdr\u00fccklich untersagt ein Feuer auf dem Boden zu machen.  Ein Standgrill ist erlaubt, sofern dieser auf einem soliden Untergrund steht und die benachbarten Aussteller nicht st\u00f6rt. Jegliche Missachtung der Vorschriften kann mit einem Ausschluss von der Veranstaltung geahndet werden.<\/li>\n<li>Die Organisatoren behalten sich das Recht vor, die aktuellen Vorschriften ohne vorherige Ank\u00fcndigung zu \u00e4ndern.<\/li>\n<\/ol>\n\t<\/div>\n<\/div>\n\n\n\n\n\t\t<\/div> \n\t<\/div>\n\t<\/div> \n<\/div><\/div>\n\t\t\t<\/div> \n\t\t\t<div id=\"tab-tarif-publicite\" data-tab-icon=\"fa fa-newspaper-o\" class=\"wpb_tab ui-tabs-panel wpb_ui-tabs-hide clearfix vc_hidden-lg vc_hidden-md vc_hidden-sm vc_hidden-xs\">\n\t\t\t\t<div class=\"nectar-split-heading\" data-align=\"center\" data-m-align=\"inherit\" data-text-effect=\"default\" data-animation-type=\"line-reveal-by-space\" data-animation-delay=\"0\" data-animation-offset=\"\" data-m-rm-animation=\"\" data-stagger=\"\" data-custom-font-size=\"false\" ><h2 style=\" color: #000000;\">Werbepreis<\/h2><\/div><div class=\"divider-wrap\" data-alignment=\"default\"><div style=\"margin-top: 12.5px; height: 1px; margin-bottom: 12.5px;\" data-width=\"100%\" data-animate=\"\" data-animation-delay=\"\" data-color=\"default\" class=\"divider-border\"><\/div><\/div><div id=\"fws_69e4e2a45f1c9\" data-midnight=\"\" data-column-margin=\"default\" class=\"wpb_row vc_row-fluid vc_row inner_row\"  style=\"\"><div class=\"row-bg-wrap\"> <div class=\"row-bg\" ><\/div> <\/div><div class=\"row_col_wrap_12_inner col span_12  left\">\n\t<div  class=\"vc_col-sm-4 wpb_column column_container vc_column_container col child_column no-extra-padding inherit_tablet inherit_phone\"   data-padding-pos=\"all\" data-has-bg-color=\"false\" data-bg-color=\"\" data-bg-opacity=\"1\" data-animation=\"\" data-delay=\"0\" >\n\t\t<div class=\"vc_column-inner\" >\n\t\t<div class=\"wpb_wrapper\">\n\t\t\t<div class=\"nectar-fancy-box using-img\" data-style=\"color_box_basic\" data-animation=\"\" data-hover-o=\"default\" data-border-radius=\"default\" data-border=\"\" data-box-color-opacity=\"0.5\" data-delay=\"\" data-alignment=\"left\" data-color=\"#000000\" style=\"color: #ffffff;\"><div class=\"box-bg\"  style=\"background-image: url('https:\/\/staging.vwbugshow.be\/wp-content\/uploads\/2024\/01\/pub1.jpeg');  background-color: #000000;\"><\/div> <div class=\"inner\" style=\"min-height: 450px\"><i class=\"icon-default-style fa fa-file-o\" data-color=\"accent-color\" style=\"font-size: 50px!important; line-height: 50px!important;\"><\/i>\n<h2>\u00bc page A4<\/h2>\n<ul>\n<li>2 entr\u00e9es vip (acc\u00e8s mezzanine)<\/li>\n<\/ul>\n<h3>340\u20ac HTVA<\/h3>\n<div class=\"nectar-cta\" data-color=\"\" data-using-bg=\"false\" data-style=\"see-through\" data-display=\"block\" data-alignment=\"center\" data-text-color=\"std\" ><h5> <span class=\"text\"> <\/span><span class=\"link_wrap\" ><a target=\"_blank\" class=\"link_text\" role=\"button\" href=\"https:\/\/www.google.be\">Tickets<span class=\"arrow\"><\/span><\/a><\/span><\/h5><\/div><\/div>   <\/div>\n\t\t<\/div> \n\t<\/div>\n\t<\/div> \n\n\t<div  class=\"vc_col-sm-4 wpb_column column_container vc_column_container col child_column no-extra-padding inherit_tablet inherit_phone\"   data-padding-pos=\"all\" data-has-bg-color=\"false\" data-bg-color=\"\" data-bg-opacity=\"1\" data-animation=\"\" data-delay=\"0\" >\n\t\t<div class=\"vc_column-inner\" >\n\t\t<div class=\"wpb_wrapper\">\n\t\t\t<div class=\"nectar-fancy-box using-img\" data-style=\"color_box_basic\" data-animation=\"\" data-hover-o=\"default\" data-border-radius=\"default\" data-border=\"\" data-box-color-opacity=\"0.5\" data-delay=\"\" data-alignment=\"left\" data-color=\"#000000\" style=\"color: #ffffff;\"><div class=\"box-bg\"  style=\"background-image: url('https:\/\/staging.vwbugshow.be\/wp-content\/uploads\/2024\/01\/pub1.jpeg');  background-color: #000000;\"><\/div> <div class=\"inner\" style=\"min-height: 450px\"><i class=\"icon-default-style fa fa-file-text-o\" data-color=\"accent-color\" style=\"font-size: 50px!important; line-height: 50px!important;\"><\/i>\n<h2>\u00bd page A4<\/h2>\n<ul>\n<li>2 VIP-Eintritte<\/li>\n<\/ul>\n<h3>430\u20ac HTVA<\/h3>\n<div class=\"nectar-cta\" data-color=\"\" data-using-bg=\"false\" data-style=\"see-through\" data-display=\"block\" data-alignment=\"center\" data-text-color=\"std\" ><h5> <span class=\"text\"> <\/span><span class=\"link_wrap\" ><a target=\"_blank\" class=\"link_text\" role=\"button\" href=\"https:\/\/www.google.be\">Tickets<span class=\"arrow\"><\/span><\/a><\/span><\/h5><\/div><\/div>   <\/div>\n\t\t<\/div> \n\t<\/div>\n\t<\/div> \n\n\t<div  class=\"vc_col-sm-4 wpb_column column_container vc_column_container col child_column no-extra-padding inherit_tablet inherit_phone\"   data-padding-pos=\"all\" data-has-bg-color=\"false\" data-bg-color=\"\" data-bg-opacity=\"1\" data-animation=\"\" data-delay=\"0\" >\n\t\t<div class=\"vc_column-inner\" >\n\t\t<div class=\"wpb_wrapper\">\n\t\t\t<div class=\"nectar-fancy-box using-img\" data-style=\"color_box_basic\" data-animation=\"\" data-hover-o=\"default\" data-border-radius=\"default\" data-border=\"\" data-box-color-opacity=\"0.5\" data-delay=\"\" data-alignment=\"left\" data-color=\"#000000\" style=\"color: #ffffff;\"><div class=\"box-bg\"  style=\"background-image: url('https:\/\/staging.vwbugshow.be\/wp-content\/uploads\/2024\/01\/pub1.jpeg');  background-color: #000000;\"><\/div> <div class=\"inner\" style=\"min-height: 450px\"><i class=\"icon-default-style fa fa-file-text\" data-color=\"accent-color\" style=\"font-size: 50px!important; line-height: 50px!important;\"><\/i>\n<h2>1 page A4<\/h2>\n<ul>\n<li class=\"sprocket-tables-desc sprocket-tables-cell sprocket-tables-bg1\">4 VIP-Eintritte<\/li>\n<\/ul>\n<h3>640\u20ac HTVA<\/h3>\n<div class=\"nectar-cta\" data-color=\"\" data-using-bg=\"false\" data-style=\"see-through\" data-display=\"block\" data-alignment=\"center\" data-text-color=\"std\" ><h5> <span class=\"text\"> <\/span><span class=\"link_wrap\" ><a target=\"_blank\" class=\"link_text\" role=\"button\" href=\"https:\/\/www.google.be\">Tickets<span class=\"arrow\"><\/span><\/a><\/span><\/h5><\/div>\n<div id=\"gtx-trans\" style=\"position: absolute;left: -15px;top: 224.695px\">\n<div class=\"gtx-trans-icon\"><\/div>\n<\/div>\n<\/div>   <\/div>\n\t\t<\/div> \n\t<\/div>\n\t<\/div> \n<\/div><\/div><div class=\"nectar-highlighted-text\" data-style=\"full_text\" data-exp=\"default\" data-using-custom-color=\"true\" data-animation-delay=\"false\" data-color=\"#d3d3d3\" data-color-gradient=\"\" style=\"\"><p><em><strong class=\"uk-text-danger\"><abbr title=\"Important\">WICHTIG<\/abbr><\/strong><\/em><br \/>\n<strong>Informationen und Reservierung bald online verf\u00fcgbar<\/strong><\/p>\n<\/div>\n\t\t\t<\/div> \n\t\t<\/div> \n\t<\/div> \n\t\t\t<\/div> \n\t\t<\/div>\n\t<\/div> \n<\/div><\/div>","protected":false},"excerpt":{"rendered":"InfosR\u00e9servation Swap meetR\u00e9servation Stand exposantsR\u00e8glementTarif Publicit\u00e9 Infos Swap meet - Stand exposants &nbsp; Infos tarifs et r\u00e9servation Swap meet - Stand exposants uniquement via formulaires en ligne. R\u00e9servation Swap meet...","protected":false},"author":2,"featured_media":0,"parent":0,"menu_order":0,"comment_status":"closed","ping_status":"closed","template":"","meta":{"footnotes":""},"folder":[],"class_list":["post-1967","page","type-page","status-publish"],"yoast_head":"<!-- This site is optimized with the Yoast SEO plugin v27.3 - https:\/\/yoast.com\/product\/yoast-seo-wordpress\/ -->\n<title>Swap meet - Stand exposants - LeBugShow<\/title>\n<meta name=\"robots\" content=\"index, follow, max-snippet:-1, max-image-preview:large, max-video-preview:-1\" \/>\n<link rel=\"canonical\" href=\"https:\/\/staging.vwbugshow.be\/de\/swap-meet-stand\/\" \/>\n<meta property=\"og:locale\" content=\"de_DE\" \/>\n<meta property=\"og:type\" content=\"article\" \/>\n<meta property=\"og:title\" content=\"Swap meet - Stand exposants - LeBugShow\" \/>\n<meta property=\"og:url\" content=\"https:\/\/staging.vwbugshow.be\/de\/swap-meet-stand\/\" \/>\n<meta property=\"og:site_name\" content=\"LeBugShow\" \/>\n<meta property=\"article:publisher\" content=\"https:\/\/www.facebook.com\/Lebugshow\" \/>\n<meta property=\"article:modified_time\" content=\"2025-08-03T20:30:42+00:00\" \/>\n<meta name=\"twitter:card\" content=\"summary_large_image\" \/>\n<meta name=\"twitter:label1\" content=\"Gesch\u00e4tzte Lesezeit\" \/>\n\t<meta name=\"twitter:data1\" content=\"6\u00a0Minuten\" \/>\n<script type=\"application\/ld+json\" class=\"yoast-schema-graph\">{\"@context\":\"https:\\\/\\\/schema.org\",\"@graph\":[{\"@type\":\"WebPage\",\"@id\":\"https:\\\/\\\/staging.vwbugshow.be\\\/swap-meet-stand\\\/\",\"url\":\"https:\\\/\\\/staging.vwbugshow.be\\\/swap-meet-stand\\\/\",\"name\":\"Swap meet - Stand exposants - LeBugShow\",\"isPartOf\":{\"@id\":\"https:\\\/\\\/staging.vwbugshow.be\\\/#website\"},\"datePublished\":\"2024-01-04T22:20:43+00:00\",\"dateModified\":\"2025-08-03T20:30:42+00:00\",\"breadcrumb\":{\"@id\":\"https:\\\/\\\/staging.vwbugshow.be\\\/swap-meet-stand\\\/#breadcrumb\"},\"inLanguage\":\"de\",\"potentialAction\":[{\"@type\":\"ReadAction\",\"target\":[\"https:\\\/\\\/staging.vwbugshow.be\\\/swap-meet-stand\\\/\"]}]},{\"@type\":\"BreadcrumbList\",\"@id\":\"https:\\\/\\\/staging.vwbugshow.be\\\/swap-meet-stand\\\/#breadcrumb\",\"itemListElement\":[{\"@type\":\"ListItem\",\"position\":1,\"name\":\"Accueil\",\"item\":\"https:\\\/\\\/staging.vwbugshow.be\\\/\"},{\"@type\":\"ListItem\",\"position\":2,\"name\":\"Swap meet &#8211; Stand exposants\"}]},{\"@type\":\"WebSite\",\"@id\":\"https:\\\/\\\/staging.vwbugshow.be\\\/#website\",\"url\":\"https:\\\/\\\/staging.vwbugshow.be\\\/\",\"name\":\"LeBugShow\",\"description\":\"Your 2500 aircooled VW event since 1991\",\"publisher\":{\"@id\":\"https:\\\/\\\/staging.vwbugshow.be\\\/#organization\"},\"potentialAction\":[{\"@type\":\"SearchAction\",\"target\":{\"@type\":\"EntryPoint\",\"urlTemplate\":\"https:\\\/\\\/staging.vwbugshow.be\\\/?s={search_term_string}\"},\"query-input\":{\"@type\":\"PropertyValueSpecification\",\"valueRequired\":true,\"valueName\":\"search_term_string\"}}],\"inLanguage\":\"de\"},{\"@type\":\"Organization\",\"@id\":\"https:\\\/\\\/staging.vwbugshow.be\\\/#organization\",\"name\":\"BelgianBuggyAndVWClub\",\"url\":\"https:\\\/\\\/staging.vwbugshow.be\\\/\",\"logo\":{\"@type\":\"ImageObject\",\"inLanguage\":\"de\",\"@id\":\"https:\\\/\\\/staging.vwbugshow.be\\\/#\\\/schema\\\/logo\\\/image\\\/\",\"url\":\"https:\\\/\\\/staging.vwbugshow.be\\\/wp-content\\\/uploads\\\/2023\\\/12\\\/logo-belgian-buggy-horiz.png\",\"contentUrl\":\"https:\\\/\\\/staging.vwbugshow.be\\\/wp-content\\\/uploads\\\/2023\\\/12\\\/logo-belgian-buggy-horiz.png\",\"width\":366,\"height\":120,\"caption\":\"BelgianBuggyAndVWClub\"},\"image\":{\"@id\":\"https:\\\/\\\/staging.vwbugshow.be\\\/#\\\/schema\\\/logo\\\/image\\\/\"},\"sameAs\":[\"https:\\\/\\\/www.facebook.com\\\/Lebugshow\"]}]}<\/script>\n<!-- \/ Yoast SEO plugin. -->","yoast_head_json":{"title":"Swap meet - Stand exposants - LeBugShow","robots":{"index":"index","follow":"follow","max-snippet":"max-snippet:-1","max-image-preview":"max-image-preview:large","max-video-preview":"max-video-preview:-1"},"canonical":"https:\/\/staging.vwbugshow.be\/de\/swap-meet-stand\/","og_locale":"de_DE","og_type":"article","og_title":"Swap meet - Stand exposants - LeBugShow","og_url":"https:\/\/staging.vwbugshow.be\/de\/swap-meet-stand\/","og_site_name":"LeBugShow","article_publisher":"https:\/\/www.facebook.com\/Lebugshow","article_modified_time":"2025-08-03T20:30:42+00:00","twitter_card":"summary_large_image","twitter_misc":{"Gesch\u00e4tzte Lesezeit":"6\u00a0Minuten"},"schema":{"@context":"https:\/\/schema.org","@graph":[{"@type":"WebPage","@id":"https:\/\/staging.vwbugshow.be\/swap-meet-stand\/","url":"https:\/\/staging.vwbugshow.be\/swap-meet-stand\/","name":"Swap meet - Stand exposants - LeBugShow","isPartOf":{"@id":"https:\/\/staging.vwbugshow.be\/#website"},"datePublished":"2024-01-04T22:20:43+00:00","dateModified":"2025-08-03T20:30:42+00:00","breadcrumb":{"@id":"https:\/\/staging.vwbugshow.be\/swap-meet-stand\/#breadcrumb"},"inLanguage":"de","potentialAction":[{"@type":"ReadAction","target":["https:\/\/staging.vwbugshow.be\/swap-meet-stand\/"]}]},{"@type":"BreadcrumbList","@id":"https:\/\/staging.vwbugshow.be\/swap-meet-stand\/#breadcrumb","itemListElement":[{"@type":"ListItem","position":1,"name":"Accueil","item":"https:\/\/staging.vwbugshow.be\/"},{"@type":"ListItem","position":2,"name":"Swap meet &#8211; Stand exposants"}]},{"@type":"WebSite","@id":"https:\/\/staging.vwbugshow.be\/#website","url":"https:\/\/staging.vwbugshow.be\/","name":"LeBugShow","description":"Your 2500 aircooled VW event since 1991","publisher":{"@id":"https:\/\/staging.vwbugshow.be\/#organization"},"potentialAction":[{"@type":"SearchAction","target":{"@type":"EntryPoint","urlTemplate":"https:\/\/staging.vwbugshow.be\/?s={search_term_string}"},"query-input":{"@type":"PropertyValueSpecification","valueRequired":true,"valueName":"search_term_string"}}],"inLanguage":"de"},{"@type":"Organization","@id":"https:\/\/staging.vwbugshow.be\/#organization","name":"BelgianBuggyAndVWClub","url":"https:\/\/staging.vwbugshow.be\/","logo":{"@type":"ImageObject","inLanguage":"de","@id":"https:\/\/staging.vwbugshow.be\/#\/schema\/logo\/image\/","url":"https:\/\/staging.vwbugshow.be\/wp-content\/uploads\/2023\/12\/logo-belgian-buggy-horiz.png","contentUrl":"https:\/\/staging.vwbugshow.be\/wp-content\/uploads\/2023\/12\/logo-belgian-buggy-horiz.png","width":366,"height":120,"caption":"BelgianBuggyAndVWClub"},"image":{"@id":"https:\/\/staging.vwbugshow.be\/#\/schema\/logo\/image\/"},"sameAs":["https:\/\/www.facebook.com\/Lebugshow"]}]}},"_links":{"self":[{"href":"https:\/\/staging.vwbugshow.be\/de\/wp-json\/wp\/v2\/pages\/1967","targetHints":{"allow":["GET"]}}],"collection":[{"href":"https:\/\/staging.vwbugshow.be\/de\/wp-json\/wp\/v2\/pages"}],"about":[{"href":"https:\/\/staging.vwbugshow.be\/de\/wp-json\/wp\/v2\/types\/page"}],"author":[{"embeddable":true,"href":"https:\/\/staging.vwbugshow.be\/de\/wp-json\/wp\/v2\/users\/2"}],"replies":[{"embeddable":true,"href":"https:\/\/staging.vwbugshow.be\/de\/wp-json\/wp\/v2\/comments?post=1967"}],"version-history":[{"count":67,"href":"https:\/\/staging.vwbugshow.be\/de\/wp-json\/wp\/v2\/pages\/1967\/revisions"}],"predecessor-version":[{"id":2608,"href":"https:\/\/staging.vwbugshow.be\/de\/wp-json\/wp\/v2\/pages\/1967\/revisions\/2608"}],"wp:attachment":[{"href":"https:\/\/staging.vwbugshow.be\/de\/wp-json\/wp\/v2\/media?parent=1967"}],"wp:term":[{"taxonomy":"folder","embeddable":true,"href":"https:\/\/staging.vwbugshow.be\/de\/wp-json\/wp\/v2\/folder?post=1967"}],"curies":[{"name":"wp","href":"https:\/\/api.w.org\/{rel}","templated":true}]}}